{"id":1220,"date":"2025-11-24T20:33:41","date_gmt":"2025-11-24T23:33:41","guid":{"rendered":"https:\/\/ktbrazilianaesthetic.com\/?post_type=product&#038;p=1220"},"modified":"2025-11-25T17:46:27","modified_gmt":"2025-11-25T20:46:27","slug":"vitamin-d-shot","status":"publish","type":"product","link":"https:\/\/ktbrazilianaesthetic.com\/pt\/produto\/vitamin-d-shot\/","title":{"rendered":"Inje\u00e7\u00e3o de vitamina D"},"content":{"rendered":"<p data-start=\"5376\" data-end=\"5652\">A inje\u00e7\u00e3o de vitamina D fornece essa vitamina essencial diretamente ao seu organismo para fortalecer os ossos, melhorar o humor e refor\u00e7ar as defesas imunol\u00f3gicas. Ideal para pessoas com defici\u00eancia de vitamina D, exposi\u00e7\u00e3o solar limitada ou que buscam suporte para o bem-estar geral.<\/p>\n<p data-start=\"5654\" data-end=\"5862\"><strong data-start=\"5654\" data-end=\"5667\">Benef\u00edcios:<\/strong><br data-start=\"5667\" data-end=\"5670\" \/>\u2714 Contribui para a sa\u00fade \u00f3ssea e muscular<br data-start=\"5703\" data-end=\"5706\" \/>\u2714 Melhora a fun\u00e7\u00e3o do sistema imunol\u00f3gico<br data-start=\"5739\" data-end=\"5742\" \/>\u2714 Melhora o humor e a vitalidade geral<br data-start=\"5778\" data-end=\"5781\" \/>\u2714 R\u00e1pido, n\u00e3o invasivo e conveniente<br data-start=\"5818\" data-end=\"5821\" \/>\u2714 Administrado por profissionais treinados<\/p>","protected":false},"excerpt":{"rendered":"<p>Nossa inje\u00e7\u00e3o de vitamina D auxilia na sa\u00fade \u00f3ssea, na fun\u00e7\u00e3o imunol\u00f3gica e na vitalidade geral, especialmente em pessoas com baixa exposi\u00e7\u00e3o solar.<\/p>","protected":false},"featured_media":1195,"comment_status":"open","ping_status":"closed","template":"","meta":[],"product_brand":[],"product_cat":[41,32],"product_tag":[],"class_list":{"0":"post-1220","1":"product","2":"type-product","3":"status-publish","4":"has-post-thumbnail","6":"product_cat-im-shot","7":"product_cat-wellness","9":"first","10":"instock","11":"sold-individually","12":"shipping-taxable","13":"purchasable","14":"product-type-booking"},"acf":[],"_links":{"self":[{"href":"https:\/\/ktbrazilianaesthetic.com\/pt\/wp-json\/wp\/v2\/product\/1220","targetHints":{"allow":["GET"]}}],"collection":[{"href":"https:\/\/ktbrazilianaesthetic.com\/pt\/wp-json\/wp\/v2\/product"}],"about":[{"href":"https:\/\/ktbrazilianaesthetic.com\/pt\/wp-json\/wp\/v2\/types\/product"}],"replies":[{"embeddable":true,"href":"https:\/\/ktbrazilianaesthetic.com\/pt\/wp-json\/wp\/v2\/comments?post=1220"}],"wp:featuredmedia":[{"embeddable":true,"href":"https:\/\/ktbrazilianaesthetic.com\/pt\/wp-json\/wp\/v2\/media\/1195"}],"wp:attachment":[{"href":"https:\/\/ktbrazilianaesthetic.com\/pt\/wp-json\/wp\/v2\/media?parent=1220"}],"wp:term":[{"taxonomy":"product_brand","embeddable":true,"href":"https:\/\/ktbrazilianaesthetic.com\/pt\/wp-json\/wp\/v2\/product_brand?post=1220"},{"taxonomy":"product_cat","embeddable":true,"href":"https:\/\/ktbrazilianaesthetic.com\/pt\/wp-json\/wp\/v2\/product_cat?post=1220"},{"taxonomy":"product_tag","embeddable":true,"href":"https:\/\/ktbrazilianaesthetic.com\/pt\/wp-json\/wp\/v2\/product_tag?post=1220"}],"curies":[{"name":"wp","href":"https:\/\/api.w.org\/{rel}","templated":true}]}}