{"id":1218,"date":"2025-11-24T20:31:58","date_gmt":"2025-11-24T23:31:58","guid":{"rendered":"https:\/\/ktbrazilianaesthetic.com\/?post_type=product&#038;p=1218"},"modified":"2026-01-24T20:12:59","modified_gmt":"2026-01-25T01:12:59","slug":"b12-injection","status":"publish","type":"product","link":"https:\/\/ktbrazilianaesthetic.com\/pt\/produto\/b12-injection\/","title":{"rendered":"Inje\u00e7\u00e3o de B12"},"content":{"rendered":"<p data-start=\"3977\" data-end=\"4268\">A inje\u00e7\u00e3o de vitamina B12 fornece essa vitamina essencial diretamente ao seu organismo para m\u00e1xima absor\u00e7\u00e3o. Ela ajuda a melhorar a energia, o foco mental e o humor, al\u00e9m de auxiliar na produ\u00e7\u00e3o de gl\u00f3bulos vermelhos saud\u00e1veis. Ideal para pessoas com fadiga, estresse ou defici\u00eancia de vitamina B12.<\/p>\n<p data-start=\"4270\" data-end=\"4474\"><strong data-start=\"4270\" data-end=\"4283\">Benef\u00edcios:<\/strong><br data-start=\"4283\" data-end=\"4286\" \/>\u2714 Aumenta a energia e a clareza mental<br data-start=\"4323\" data-end=\"4326\" \/>\u2714 Auxilia na produ\u00e7\u00e3o de gl\u00f3bulos vermelhos<br data-start=\"4362\" data-end=\"4365\" \/>\u2714 Melhora o humor e a concentra\u00e7\u00e3o<br data-start=\"4390\" data-end=\"4393\" \/>\u2714 R\u00e1pido, n\u00e3o invasivo e conveniente<br data-start=\"4430\" data-end=\"4433\" \/>\u2714 Administrado por profissionais treinados<\/p>","protected":false},"excerpt":{"rendered":"<p>Nossa inje\u00e7\u00e3o de vitamina B12 aumenta a energia, auxilia na fun\u00e7\u00e3o cerebral e contribui para a produ\u00e7\u00e3o de gl\u00f3bulos vermelhos.<\/p>","protected":false},"featured_media":1195,"comment_status":"open","ping_status":"closed","template":"","meta":[],"product_brand":[],"product_cat":[41,32],"product_tag":[],"class_list":{"0":"post-1218","1":"product","2":"type-product","3":"status-publish","4":"has-post-thumbnail","6":"product_cat-im-shot","7":"product_cat-wellness","9":"first","10":"instock","11":"sold-individually","12":"shipping-taxable","13":"purchasable","14":"product-type-booking"},"acf":[],"_links":{"self":[{"href":"https:\/\/ktbrazilianaesthetic.com\/pt\/wp-json\/wp\/v2\/product\/1218","targetHints":{"allow":["GET"]}}],"collection":[{"href":"https:\/\/ktbrazilianaesthetic.com\/pt\/wp-json\/wp\/v2\/product"}],"about":[{"href":"https:\/\/ktbrazilianaesthetic.com\/pt\/wp-json\/wp\/v2\/types\/product"}],"replies":[{"embeddable":true,"href":"https:\/\/ktbrazilianaesthetic.com\/pt\/wp-json\/wp\/v2\/comments?post=1218"}],"wp:featuredmedia":[{"embeddable":true,"href":"https:\/\/ktbrazilianaesthetic.com\/pt\/wp-json\/wp\/v2\/media\/1195"}],"wp:attachment":[{"href":"https:\/\/ktbrazilianaesthetic.com\/pt\/wp-json\/wp\/v2\/media?parent=1218"}],"wp:term":[{"taxonomy":"product_brand","embeddable":true,"href":"https:\/\/ktbrazilianaesthetic.com\/pt\/wp-json\/wp\/v2\/product_brand?post=1218"},{"taxonomy":"product_cat","embeddable":true,"href":"https:\/\/ktbrazilianaesthetic.com\/pt\/wp-json\/wp\/v2\/product_cat?post=1218"},{"taxonomy":"product_tag","embeddable":true,"href":"https:\/\/ktbrazilianaesthetic.com\/pt\/wp-json\/wp\/v2\/product_tag?post=1218"}],"curies":[{"name":"wp","href":"https:\/\/api.w.org\/{rel}","templated":true}]}}