{"id":1220,"date":"2025-11-24T20:33:41","date_gmt":"2025-11-24T23:33:41","guid":{"rendered":"https:\/\/ktbrazilianaesthetic.com\/?post_type=product&#038;p=1220"},"modified":"2025-11-25T17:46:27","modified_gmt":"2025-11-25T20:46:27","slug":"vitamin-d-shot","status":"publish","type":"product","link":"https:\/\/ktbrazilianaesthetic.com\/es\/producto\/vitamin-d-shot\/","title":{"rendered":"Inyecci\u00f3n de vitamina D"},"content":{"rendered":"<p data-start=\"5376\" data-end=\"5652\">La inyecci\u00f3n de vitamina D aporta esta vitamina esencial directamente al organismo para fortalecer los huesos, mejorar el estado de \u00e1nimo y reforzar las defensas inmunitarias. Ideal para quienes tienen deficiencia de vitamina D, poca exposici\u00f3n al sol o buscan un apoyo para su bienestar general.<\/p>\n<p data-start=\"5654\" data-end=\"5862\"><strong data-start=\"5654\" data-end=\"5667\">Beneficios:<\/strong><br data-start=\"5667\" data-end=\"5670\" \/>\u2714 Favorece la salud de los huesos y los m\u00fasculos.<br data-start=\"5703\" data-end=\"5706\" \/>\u2714 Mejora la funci\u00f3n del sistema inmunol\u00f3gico<br data-start=\"5739\" data-end=\"5742\" \/>\u2714 Mejora el estado de \u00e1nimo y la vitalidad general.<br data-start=\"5778\" data-end=\"5781\" \/>\u2714 R\u00e1pido, no invasivo y conveniente<br data-start=\"5818\" data-end=\"5821\" \/>\u2714 Administrada por profesionales capacitados<\/p>","protected":false},"excerpt":{"rendered":"<p>Nuestra inyecci\u00f3n de vitamina D favorece la salud de los huesos, la funci\u00f3n inmunol\u00f3gica y la vitalidad general, especialmente en aquellas personas con poca exposici\u00f3n a la luz solar.<\/p>","protected":false},"featured_media":1195,"comment_status":"open","ping_status":"closed","template":"","meta":[],"product_brand":[],"product_cat":[41,32],"product_tag":[],"class_list":{"0":"post-1220","1":"product","2":"type-product","3":"status-publish","4":"has-post-thumbnail","6":"product_cat-im-shot","7":"product_cat-wellness","9":"first","10":"instock","11":"sold-individually","12":"shipping-taxable","13":"purchasable","14":"product-type-booking"},"acf":[],"_links":{"self":[{"href":"https:\/\/ktbrazilianaesthetic.com\/es\/wp-json\/wp\/v2\/product\/1220","targetHints":{"allow":["GET"]}}],"collection":[{"href":"https:\/\/ktbrazilianaesthetic.com\/es\/wp-json\/wp\/v2\/product"}],"about":[{"href":"https:\/\/ktbrazilianaesthetic.com\/es\/wp-json\/wp\/v2\/types\/product"}],"replies":[{"embeddable":true,"href":"https:\/\/ktbrazilianaesthetic.com\/es\/wp-json\/wp\/v2\/comments?post=1220"}],"wp:featuredmedia":[{"embeddable":true,"href":"https:\/\/ktbrazilianaesthetic.com\/es\/wp-json\/wp\/v2\/media\/1195"}],"wp:attachment":[{"href":"https:\/\/ktbrazilianaesthetic.com\/es\/wp-json\/wp\/v2\/media?parent=1220"}],"wp:term":[{"taxonomy":"product_brand","embeddable":true,"href":"https:\/\/ktbrazilianaesthetic.com\/es\/wp-json\/wp\/v2\/product_brand?post=1220"},{"taxonomy":"product_cat","embeddable":true,"href":"https:\/\/ktbrazilianaesthetic.com\/es\/wp-json\/wp\/v2\/product_cat?post=1220"},{"taxonomy":"product_tag","embeddable":true,"href":"https:\/\/ktbrazilianaesthetic.com\/es\/wp-json\/wp\/v2\/product_tag?post=1220"}],"curies":[{"name":"wp","href":"https:\/\/api.w.org\/{rel}","templated":true}]}}