{"id":1218,"date":"2025-11-24T20:31:58","date_gmt":"2025-11-24T23:31:58","guid":{"rendered":"https:\/\/ktbrazilianaesthetic.com\/?post_type=product&#038;p=1218"},"modified":"2026-01-24T20:12:59","modified_gmt":"2026-01-25T01:12:59","slug":"b12-injection","status":"publish","type":"product","link":"https:\/\/ktbrazilianaesthetic.com\/es\/producto\/b12-injection\/","title":{"rendered":"Inyecci\u00f3n de vitamina B12"},"content":{"rendered":"<p data-start=\"3977\" data-end=\"4268\">La inyecci\u00f3n de B12 administra esta vitamina esencial directamente al organismo para una m\u00e1xima absorci\u00f3n. Ayuda a mejorar la energ\u00eda, la concentraci\u00f3n y el estado de \u00e1nimo, a la vez que favorece la producci\u00f3n de gl\u00f3bulos rojos sanos. Ideal para personas con fatiga, estr\u00e9s o deficiencia de B12.<\/p>\n<p data-start=\"4270\" data-end=\"4474\"><strong data-start=\"4270\" data-end=\"4283\">Beneficios:<\/strong><br data-start=\"4283\" data-end=\"4286\" \/>\u2714 Aumenta la energ\u00eda y la claridad mental.<br data-start=\"4323\" data-end=\"4326\" \/>\u2714 Favorece la producci\u00f3n de gl\u00f3bulos rojos.<br data-start=\"4362\" data-end=\"4365\" \/>\u2714 Mejora el estado de \u00e1nimo y la concentraci\u00f3n.<br data-start=\"4390\" data-end=\"4393\" \/>\u2714 R\u00e1pido, no invasivo y conveniente<br data-start=\"4430\" data-end=\"4433\" \/>\u2714 Administrada por profesionales capacitados<\/p>","protected":false},"excerpt":{"rendered":"<p>Nuestra inyecci\u00f3n de B12 aumenta la energ\u00eda, apoya la funci\u00f3n cerebral y ayuda en la producci\u00f3n de gl\u00f3bulos rojos.<\/p>","protected":false},"featured_media":1195,"comment_status":"open","ping_status":"closed","template":"","meta":[],"product_brand":[],"product_cat":[41,32],"product_tag":[],"class_list":{"0":"post-1218","1":"product","2":"type-product","3":"status-publish","4":"has-post-thumbnail","6":"product_cat-im-shot","7":"product_cat-wellness","9":"first","10":"instock","11":"sold-individually","12":"shipping-taxable","13":"purchasable","14":"product-type-booking"},"acf":[],"_links":{"self":[{"href":"https:\/\/ktbrazilianaesthetic.com\/es\/wp-json\/wp\/v2\/product\/1218","targetHints":{"allow":["GET"]}}],"collection":[{"href":"https:\/\/ktbrazilianaesthetic.com\/es\/wp-json\/wp\/v2\/product"}],"about":[{"href":"https:\/\/ktbrazilianaesthetic.com\/es\/wp-json\/wp\/v2\/types\/product"}],"replies":[{"embeddable":true,"href":"https:\/\/ktbrazilianaesthetic.com\/es\/wp-json\/wp\/v2\/comments?post=1218"}],"wp:featuredmedia":[{"embeddable":true,"href":"https:\/\/ktbrazilianaesthetic.com\/es\/wp-json\/wp\/v2\/media\/1195"}],"wp:attachment":[{"href":"https:\/\/ktbrazilianaesthetic.com\/es\/wp-json\/wp\/v2\/media?parent=1218"}],"wp:term":[{"taxonomy":"product_brand","embeddable":true,"href":"https:\/\/ktbrazilianaesthetic.com\/es\/wp-json\/wp\/v2\/product_brand?post=1218"},{"taxonomy":"product_cat","embeddable":true,"href":"https:\/\/ktbrazilianaesthetic.com\/es\/wp-json\/wp\/v2\/product_cat?post=1218"},{"taxonomy":"product_tag","embeddable":true,"href":"https:\/\/ktbrazilianaesthetic.com\/es\/wp-json\/wp\/v2\/product_tag?post=1218"}],"curies":[{"name":"wp","href":"https:\/\/api.w.org\/{rel}","templated":true}]}}