{"id":1216,"date":"2025-11-24T20:30:33","date_gmt":"2025-11-24T23:30:33","guid":{"rendered":"https:\/\/ktbrazilianaesthetic.com\/?post_type=product&#038;p=1216"},"modified":"2025-11-25T17:45:15","modified_gmt":"2025-11-25T20:45:15","slug":"l-carnitine-shot","status":"publish","type":"product","link":"https:\/\/ktbrazilianaesthetic.com\/es\/producto\/l-carnitine-shot\/","title":{"rendered":"Inyecci\u00f3n de L-Carnitina"},"content":{"rendered":"<p data-start=\"2671\" data-end=\"2973\">The L-Carnitine Shot delivers this powerful amino acid directly to your body, helping convert fat into energy, improve endurance, and support overall metabolism. Perfect for those seeking weight management assistance, increased exercise performance, or a natural energy boost.<\/p>\n<p data-start=\"2975\" data-end=\"3167\"><strong data-start=\"2975\" data-end=\"2988\">Beneficios:<\/strong><br data-start=\"2988\" data-end=\"2991\" \/>\u2714 Supports fat metabolism<br data-start=\"3016\" data-end=\"3019\" \/>\u2714 Enhances energy and endurance<br data-start=\"3050\" data-end=\"3053\" \/>\u2714 Helps with weight management<br data-start=\"3083\" data-end=\"3086\" \/>\u2714 R\u00e1pido, no invasivo y conveniente<br data-start=\"3123\" data-end=\"3126\" \/>\u2714 Administered by skilled professionals<\/p>","protected":false},"excerpt":{"rendered":"<p>Nuestra inyecci\u00f3n de L-Carnitina favorece el metabolismo de las grasas, aumenta la producci\u00f3n de energ\u00eda y mejora el rendimiento f\u00edsico.<\/p>","protected":false},"featured_media":1195,"comment_status":"open","ping_status":"closed","template":"","meta":[],"product_brand":[],"product_cat":[41,32],"product_tag":[],"class_list":{"0":"post-1216","1":"product","2":"type-product","3":"status-publish","4":"has-post-thumbnail","6":"product_cat-im-shot","7":"product_cat-wellness","9":"first","10":"instock","11":"sold-individually","12":"shipping-taxable","13":"purchasable","14":"product-type-booking"},"acf":[],"_links":{"self":[{"href":"https:\/\/ktbrazilianaesthetic.com\/es\/wp-json\/wp\/v2\/product\/1216","targetHints":{"allow":["GET"]}}],"collection":[{"href":"https:\/\/ktbrazilianaesthetic.com\/es\/wp-json\/wp\/v2\/product"}],"about":[{"href":"https:\/\/ktbrazilianaesthetic.com\/es\/wp-json\/wp\/v2\/types\/product"}],"replies":[{"embeddable":true,"href":"https:\/\/ktbrazilianaesthetic.com\/es\/wp-json\/wp\/v2\/comments?post=1216"}],"wp:featuredmedia":[{"embeddable":true,"href":"https:\/\/ktbrazilianaesthetic.com\/es\/wp-json\/wp\/v2\/media\/1195"}],"wp:attachment":[{"href":"https:\/\/ktbrazilianaesthetic.com\/es\/wp-json\/wp\/v2\/media?parent=1216"}],"wp:term":[{"taxonomy":"product_brand","embeddable":true,"href":"https:\/\/ktbrazilianaesthetic.com\/es\/wp-json\/wp\/v2\/product_brand?post=1216"},{"taxonomy":"product_cat","embeddable":true,"href":"https:\/\/ktbrazilianaesthetic.com\/es\/wp-json\/wp\/v2\/product_cat?post=1216"},{"taxonomy":"product_tag","embeddable":true,"href":"https:\/\/ktbrazilianaesthetic.com\/es\/wp-json\/wp\/v2\/product_tag?post=1216"}],"curies":[{"name":"wp","href":"https:\/\/api.w.org\/{rel}","templated":true}]}}