{"id":1213,"date":"2025-11-24T20:28:02","date_gmt":"2025-11-24T23:28:02","guid":{"rendered":"https:\/\/ktbrazilianaesthetic.com\/?post_type=product&#038;p=1213"},"modified":"2025-11-25T17:44:28","modified_gmt":"2025-11-25T20:44:28","slug":"zinc-shot","status":"publish","type":"product","link":"https:\/\/ktbrazilianaesthetic.com\/es\/producto\/zinc-shot\/","title":{"rendered":"Inyecci\u00f3n de zinc"},"content":{"rendered":"<p data-start=\"437\" data-end=\"794\">The Zinc Shot delivers a concentrated dose of this essential mineral directly into your system to strengthen your immune defenses, promote wound healing, and support skin health. Perfect for those looking to enhance immunity, combat frequent colds, or improve overall vitality, this shot is quick, convenient, and highly effective.<\/p>\n<p data-start=\"796\" data-end=\"987\"><strong data-start=\"796\" data-end=\"809\">Beneficios:<\/strong><br data-start=\"809\" data-end=\"812\" \/>\u2714 Boosts immune function<br data-start=\"836\" data-end=\"839\" \/>\u2714 Supports skin health and healing<br data-start=\"873\" data-end=\"876\" \/>\u2714 Helps reduce inflammation<br data-start=\"903\" data-end=\"906\" \/>\u2714 R\u00e1pido, no invasivo y conveniente<br data-start=\"943\" data-end=\"946\" \/>\u2714 Administrada por profesionales capacitados<\/p>","protected":false},"excerpt":{"rendered":"<p>Nuestra inyecci\u00f3n de zinc proporciona un refuerzo r\u00e1pido y espec\u00edfico para su sistema inmunol\u00f3gico, ayudando a su cuerpo a combatir infecciones, reducir la inflamaci\u00f3n y favorecer el bienestar general.<\/p>","protected":false},"featured_media":1194,"comment_status":"open","ping_status":"closed","template":"","meta":[],"product_brand":[],"product_cat":[41,32],"product_tag":[],"class_list":{"0":"post-1213","1":"product","2":"type-product","3":"status-publish","4":"has-post-thumbnail","6":"product_cat-im-shot","7":"product_cat-wellness","9":"first","10":"instock","11":"sold-individually","12":"shipping-taxable","13":"purchasable","14":"product-type-booking"},"acf":[],"_links":{"self":[{"href":"https:\/\/ktbrazilianaesthetic.com\/es\/wp-json\/wp\/v2\/product\/1213","targetHints":{"allow":["GET"]}}],"collection":[{"href":"https:\/\/ktbrazilianaesthetic.com\/es\/wp-json\/wp\/v2\/product"}],"about":[{"href":"https:\/\/ktbrazilianaesthetic.com\/es\/wp-json\/wp\/v2\/types\/product"}],"replies":[{"embeddable":true,"href":"https:\/\/ktbrazilianaesthetic.com\/es\/wp-json\/wp\/v2\/comments?post=1213"}],"wp:featuredmedia":[{"embeddable":true,"href":"https:\/\/ktbrazilianaesthetic.com\/es\/wp-json\/wp\/v2\/media\/1194"}],"wp:attachment":[{"href":"https:\/\/ktbrazilianaesthetic.com\/es\/wp-json\/wp\/v2\/media?parent=1213"}],"wp:term":[{"taxonomy":"product_brand","embeddable":true,"href":"https:\/\/ktbrazilianaesthetic.com\/es\/wp-json\/wp\/v2\/product_brand?post=1213"},{"taxonomy":"product_cat","embeddable":true,"href":"https:\/\/ktbrazilianaesthetic.com\/es\/wp-json\/wp\/v2\/product_cat?post=1213"},{"taxonomy":"product_tag","embeddable":true,"href":"https:\/\/ktbrazilianaesthetic.com\/es\/wp-json\/wp\/v2\/product_tag?post=1213"}],"curies":[{"name":"wp","href":"https:\/\/api.w.org\/{rel}","templated":true}]}}