{"id":1824,"date":"2026-05-14T20:42:45","date_gmt":"2026-05-15T00:42:45","guid":{"rendered":"https:\/\/ktbrazilianaesthetic.com\/?page_id=1824"},"modified":"2026-05-14T20:44:12","modified_gmt":"2026-05-15T00:44:12","slug":"aesthetic-journal","status":"publish","type":"page","link":"https:\/\/ktbrazilianaesthetic.com\/es\/aesthetic-journal\/","title":{"rendered":"Journal de Est\u00e9tica KT"},"content":{"rendered":"<div data-elementor-type=\"wp-page\" data-elementor-id=\"1824\" class=\"elementor elementor-1824\" data-elementor-settings=\"{&quot;ha_cmc_init_switcher&quot;:&quot;no&quot;}\" data-elementor-post-type=\"page\">\n\t\t\t\t<div class=\"elementor-element elementor-element-a650485 e-flex e-con-boxed wpr-particle-no wpr-jarallax-no wpr-parallax-no wpr-sticky-section-no wpr-column-slider-no wpr-equal-height-no e-con e-parent\" data-id=\"a650485\" data-element_type=\"container\" data-e-type=\"container\" data-settings=\"{&quot;background_background&quot;:&quot;classic&quot;,&quot;_ha_eqh_enable&quot;:false}\">\n\t\t\t\t\t<div class=\"e-con-inner\">\n\t\t\t\t<div class=\"elementor-element elementor-element-16c6ab5 elementor-widget elementor-widget-heading\" data-id=\"16c6ab5\" data-element_type=\"widget\" data-e-type=\"widget\" data-widget_type=\"heading.default\">\n\t\t\t\t<div class=\"elementor-widget-container\">\n\t\t\t\t\t<h6 class=\"elementor-heading-title elementor-size-default\">GU\u00cdAS DE EST\u00c9TICA<\/h6>\t\t\t\t<\/div>\n\t\t\t\t<\/div>\n\t\t\t\t<div class=\"elementor-element elementor-element-b151c9d elementor-widget elementor-widget-heading\" data-id=\"b151c9d\" data-element_type=\"widget\" data-e-type=\"widget\" data-widget_type=\"heading.default\">\n\t\t\t\t<div class=\"elementor-widget-container\">\n\t\t\t\t\t<h1 class=\"elementor-heading-title elementor-size-default\">KT Aesthetic<br><i>Journal<\/i><\/h1>\t\t\t\t<\/div>\n\t\t\t\t<\/div>\n\t\t\t\t<div class=\"elementor-element elementor-element-813dabb elementor-widget elementor-widget-text-editor\" data-id=\"813dabb\" data-element_type=\"widget\" data-e-type=\"widget\" data-widget_type=\"text-editor.default\">\n\t\t\t\t<div class=\"elementor-widget-container\">\n\t\t\t\t\t\t\t\t\t<p style=\"text-align:center;color:#f7eee8;font-size:1.15rem;line-height:1.55;max-width:46rem;margin:0 auto;\">Explora gu\u00edas de est\u00e9tica que las clientas en Marietta pueden usar para entender inyectables, tratamientos l\u00e1ser, salud de la piel y pr\u00f3ximos pasos antes de agendar.<\/p>\t\t\t\t\t\t\t\t<\/div>\n\t\t\t\t<\/div>\n\t\t\t\t<div class=\"elementor-element elementor-element-2bd6448 elementor-align-center elementor-widget elementor-widget-button\" data-id=\"2bd6448\" data-element_type=\"widget\" data-e-type=\"widget\" data-widget_type=\"button.default\">\n\t\t\t\t<div class=\"elementor-widget-container\">\n\t\t\t\t\t\t\t\t\t<div class=\"elementor-button-wrapper\">\n\t\t\t\t\t<a class=\"elementor-button elementor-button-link elementor-size-sm\" href=\"https:\/\/wa.me\/message\/JU5YKLNZXSSBG1\" target=\"_blank\" rel=\"noopener\">\n\t\t\t\t\t\t<span class=\"elementor-button-content-wrapper\">\n\t\t\t\t\t\t\t\t\t<span class=\"elementor-button-text\">Agendar consulta<\/span>\n\t\t\t\t\t<\/span>\n\t\t\t\t\t<\/a>\n\t\t\t\t<\/div>\n\t\t\t\t\t\t\t\t<\/div>\n\t\t\t\t<\/div>\n\t\t\t\t\t<\/div>\n\t\t\t\t<\/div>\n\t\t<div class=\"elementor-element elementor-element-f723670 e-flex e-con-boxed wpr-particle-no wpr-jarallax-no wpr-parallax-no wpr-sticky-section-no wpr-column-slider-no wpr-equal-height-no e-con e-parent\" data-id=\"f723670\" data-element_type=\"container\" data-e-type=\"container\" data-settings=\"{&quot;background_background&quot;:&quot;classic&quot;,&quot;_ha_eqh_enable&quot;:false}\">\n\t\t\t\t\t<div class=\"e-con-inner\">\n\t\t\t\t<div class=\"elementor-element elementor-element-def732f elementor-widget elementor-widget-heading\" data-id=\"def732f\" data-element_type=\"widget\" data-e-type=\"widget\" data-widget_type=\"heading.default\">\n\t\t\t\t<div class=\"elementor-widget-container\">\n\t\t\t\t\t<h2 class=\"elementor-heading-title elementor-size-default\">Gu\u00edas destacadas<\/h2>\t\t\t\t<\/div>\n\t\t\t\t<\/div>\n\t\t\t\t<div class=\"elementor-element elementor-element-15b2109 elementor-widget elementor-widget-text-editor\" data-id=\"15b2109\" data-element_type=\"widget\" data-e-type=\"widget\" data-widget_type=\"text-editor.default\">\n\t\t\t\t<div class=\"elementor-widget-container\">\n\t\t\t\t\t\t\t\t\t<p style=\"max-width:680px;margin:0 auto 34px auto;text-align:center;color:#6f6461;font-size:17px;line-height:1.65;\">Comienza con las gu\u00edas de tratamiento m\u00e1s recientes de KT Brazilian Aesthetic. Cada art\u00edculo fue escrito para ayudarte a entender beneficios, preparaci\u00f3n, seguridad y pr\u00f3ximos pasos realistas.<\/p>\t\t\t\t\t\t\t\t<\/div>\n\t\t\t\t<\/div>\n\t\t<div class=\"elementor-element elementor-element-2f2477a e-flex e-con-boxed wpr-particle-no wpr-jarallax-no wpr-parallax-no wpr-sticky-section-no wpr-column-slider-no wpr-equal-height-no e-con e-child\" data-id=\"2f2477a\" data-element_type=\"container\" data-e-type=\"container\" data-settings=\"{&quot;_ha_eqh_enable&quot;:false}\">\n\t\t\t\t\t<div class=\"e-con-inner\">\n\t\t<div class=\"elementor-element elementor-element-47c2076 e-con-full e-flex wpr-particle-no wpr-jarallax-no wpr-parallax-no wpr-sticky-section-no wpr-column-slider-no wpr-equal-height-no e-con e-child\" data-id=\"47c2076\" data-element_type=\"container\" data-e-type=\"container\" data-settings=\"{&quot;background_background&quot;:&quot;classic&quot;,&quot;_ha_eqh_enable&quot;:false}\">\n\t\t\t\t<div class=\"elementor-element elementor-element-a2fd7d0 elementor-widget elementor-widget-image\" data-id=\"a2fd7d0\" data-element_type=\"widget\" data-e-type=\"widget\" data-widget_type=\"image.default\">\n\t\t\t\t<div class=\"elementor-widget-container\">\n\t\t\t\t\t\t\t\t\t\t\t\t\t\t\t<img fetchpriority=\"high\" decoding=\"async\" width=\"800\" height=\"311\" src=\"https:\/\/ktbrazilianaesthetic.com\/wp-content\/uploads\/2025\/04\/01-DSKTP-1024x398.jpg\" class=\"attachment-large size-large wp-image-642 no-lazyload\" alt=\"\" srcset=\"https:\/\/ktbrazilianaesthetic.com\/wp-content\/uploads\/2025\/04\/01-DSKTP-1024x398.jpg 1024w, https:\/\/ktbrazilianaesthetic.com\/wp-content\/uploads\/2025\/04\/01-DSKTP-300x117.jpg 300w, https:\/\/ktbrazilianaesthetic.com\/wp-content\/uploads\/2025\/04\/01-DSKTP-768x299.jpg 768w, https:\/\/ktbrazilianaesthetic.com\/wp-content\/uploads\/2025\/04\/01-DSKTP-1536x598.jpg 1536w, https:\/\/ktbrazilianaesthetic.com\/wp-content\/uploads\/2025\/04\/01-DSKTP.jpg 1920w\" sizes=\"(max-width: 800px) 100vw, 800px\" \/>\t\t\t\t\t\t\t\t\t\t\t\t\t\t\t<\/div>\n\t\t\t\t<\/div>\n\t\t\t\t<div class=\"elementor-element elementor-element-8ead240 elementor-widget elementor-widget-text-editor\" data-id=\"8ead240\" data-element_type=\"widget\" data-e-type=\"widget\" data-widget_type=\"text-editor.default\">\n\t\t\t\t<div class=\"elementor-widget-container\">\n\t\t\t\t\t\t\t\t\t<div style=\"padding:24px 24px 0 24px;color:#331D12;\"><p style=\"font-size:12px;letter-spacing:.12em;text-transform:uppercase;color:#9e6f47;margin:0 0 10px 0;font-weight:700;\">Inyectables<\/p><h3 style=\"font-size:28px;line-height:1.18;margin:0 0 12px 0;color:#331D12;\">Beneficios del relleno de labios en Marietta<\/h3><p style=\"font-size:16px;line-height:1.65;color:#6f6461;margin:0 0 20px 0;\">Una gu\u00eda sobre volumen natural, definici\u00f3n, simetr\u00eda, hidrataci\u00f3n y cuidados de seguridad antes de elegir el relleno de labios.<\/p><a href=\"https:\/\/ktbrazilianaesthetic.com\/es\/lip-filler-marietta-benefits\/\" style=\"display:inline-block;background:#895D2C;color:#ffffff;text-decoration:none;padding:12px 18px;border-radius:6px;font-weight:700;\">Leer gu\u00eda de relleno de labios<\/a><\/div>\t\t\t\t\t\t\t\t<\/div>\n\t\t\t\t<\/div>\n\t\t\t\t<\/div>\n\t\t<div class=\"elementor-element elementor-element-30f70a3 e-con-full e-flex wpr-particle-no wpr-jarallax-no wpr-parallax-no wpr-sticky-section-no wpr-column-slider-no wpr-equal-height-no e-con e-child\" data-id=\"30f70a3\" data-element_type=\"container\" data-e-type=\"container\" data-settings=\"{&quot;background_background&quot;:&quot;classic&quot;,&quot;_ha_eqh_enable&quot;:false}\">\n\t\t\t\t<div class=\"elementor-element elementor-element-d6489f3 elementor-widget elementor-widget-image\" data-id=\"d6489f3\" data-element_type=\"widget\" data-e-type=\"widget\" data-widget_type=\"image.default\">\n\t\t\t\t<div class=\"elementor-widget-container\">\n\t\t\t\t\t\t\t\t\t\t\t\t\t\t\t<img decoding=\"async\" width=\"800\" height=\"444\" src=\"https:\/\/ktbrazilianaesthetic.com\/wp-content\/uploads\/2026\/01\/Screenshot-2026-01-06-134628.png\" class=\"attachment-large size-large wp-image-1469 no-lazyload\" alt=\"Legs perfectly smooth\" srcset=\"https:\/\/ktbrazilianaesthetic.com\/wp-content\/uploads\/2026\/01\/Screenshot-2026-01-06-134628.png 800w, https:\/\/ktbrazilianaesthetic.com\/wp-content\/uploads\/2026\/01\/Screenshot-2026-01-06-134628-300x167.png 300w, https:\/\/ktbrazilianaesthetic.com\/wp-content\/uploads\/2026\/01\/Screenshot-2026-01-06-134628-768x426.png 768w, https:\/\/ktbrazilianaesthetic.com\/wp-content\/uploads\/2026\/01\/Screenshot-2026-01-06-134628-18x10.png 18w, https:\/\/ktbrazilianaesthetic.com\/wp-content\/uploads\/2026\/01\/Screenshot-2026-01-06-134628-600x333.png 600w\" sizes=\"(max-width: 800px) 100vw, 800px\" \/>\t\t\t\t\t\t\t\t\t\t\t\t\t\t\t<\/div>\n\t\t\t\t<\/div>\n\t\t\t\t<div class=\"elementor-element elementor-element-bc280a2 elementor-widget elementor-widget-text-editor\" data-id=\"bc280a2\" data-element_type=\"widget\" data-e-type=\"widget\" data-widget_type=\"text-editor.default\">\n\t\t\t\t<div class=\"elementor-widget-container\">\n\t\t\t\t\t\t\t\t\t<div style=\"padding:24px 24px 0 24px;color:#331D12;\"><p style=\"font-size:12px;letter-spacing:.12em;text-transform:uppercase;color:#9e6f47;margin:0 0 10px 0;font-weight:700;\">L\u00e1ser<\/p><h3 style=\"font-size:28px;line-height:1.18;margin:0 0 12px 0;color:#331D12;\">Depilaci\u00f3n l\u00e1ser en Marietta<\/h3><p style=\"font-size:16px;line-height:1.65;color:#6f6461;margin:0 0 20px 0;\">Una gu\u00eda para la primera sesi\u00f3n que explica c\u00f3mo funciona la depilaci\u00f3n l\u00e1ser, preparaci\u00f3n, cuidados posteriores y expectativas realistas.<\/p><a href=\"https:\/\/ktbrazilianaesthetic.com\/es\/laser-hair-removal-marietta-guide\/\" style=\"display:inline-block;background:#895D2C;color:#ffffff;text-decoration:none;padding:12px 18px;border-radius:6px;font-weight:700;\">Leer gu\u00eda de depilaci\u00f3n l\u00e1ser<\/a><\/div>\t\t\t\t\t\t\t\t<\/div>\n\t\t\t\t<\/div>\n\t\t\t\t<\/div>\n\t\t\t\t\t<\/div>\n\t\t\t\t<\/div>\n\t\t\t\t<div class=\"elementor-element elementor-element-95dba5b elementor-widget elementor-widget-text-editor\" data-id=\"95dba5b\" data-element_type=\"widget\" data-e-type=\"widget\" data-widget_type=\"text-editor.default\">\n\t\t\t\t<div class=\"elementor-widget-container\">\n\t\t\t\t\t\t\t\t\t<div style=\"max-width:860px;margin:44px auto 0 auto;text-align:center;\"><span style=\"display:inline-block;border:1px solid #d9c7ba;border-radius:999px;padding:9px 16px;margin:4px;color:#331D12;background:#ffffff;\">Todos<\/span><span style=\"display:inline-block;border:1px solid #d9c7ba;border-radius:999px;padding:9px 16px;margin:4px;color:#331D12;background:#ffffff;\">Inyectables<\/span><span style=\"display:inline-block;border:1px solid #d9c7ba;border-radius:999px;padding:9px 16px;margin:4px;color:#331D12;background:#ffffff;\">L\u00e1ser<\/span><span style=\"display:inline-block;border:1px solid #d9c7ba;border-radius:999px;padding:9px 16px;margin:4px;color:#331D12;background:#ffffff;\">Piel<\/span><span style=\"display:inline-block;border:1px solid #d9c7ba;border-radius:999px;padding:9px 16px;margin:4px;color:#331D12;background:#ffffff;\">Bienestar<\/span><\/div>\t\t\t\t\t\t\t\t<\/div>\n\t\t\t\t<\/div>\n\t\t\t\t\t<\/div>\n\t\t\t\t<\/div>\n\t\t<div class=\"elementor-element elementor-element-91e3778 e-flex e-con-boxed wpr-particle-no wpr-jarallax-no wpr-parallax-no wpr-sticky-section-no wpr-column-slider-no wpr-equal-height-no e-con e-parent\" data-id=\"91e3778\" data-element_type=\"container\" data-e-type=\"container\" data-settings=\"{&quot;background_background&quot;:&quot;classic&quot;,&quot;_ha_eqh_enable&quot;:false}\">\n\t\t\t\t\t<div class=\"e-con-inner\">\n\t\t\t\t<div class=\"elementor-element elementor-element-08b84f9 elementor-widget elementor-widget-heading\" data-id=\"08b84f9\" data-element_type=\"widget\" data-e-type=\"widget\" data-widget_type=\"heading.default\">\n\t\t\t\t<div class=\"elementor-widget-container\">\n\t\t\t\t\t<h2 class=\"elementor-heading-title elementor-size-default\">\u00bfNo sabes qu\u00e9 tratamiento es ideal para ti?<\/h2>\t\t\t\t<\/div>\n\t\t\t\t<\/div>\n\t\t\t\t<div class=\"elementor-element elementor-element-812a61f elementor-widget elementor-widget-text-editor\" data-id=\"812a61f\" data-element_type=\"widget\" data-e-type=\"widget\" data-widget_type=\"text-editor.default\">\n\t\t\t\t<div class=\"elementor-widget-container\">\n\t\t\t\t\t\t\t\t\t<p style=\"max-width:720px;margin:0 auto 28px auto;text-align:center;color:#F7EEE8;font-size:18px;line-height:1.6;\">Agenda una consulta y te ayudaremos a elegir el camino m\u00e1s seguro y natural para tus objetivos.<\/p>\t\t\t\t\t\t\t\t<\/div>\n\t\t\t\t<\/div>\n\t\t\t\t<div class=\"elementor-element elementor-element-46aa72b elementor-align-center elementor-widget elementor-widget-button\" data-id=\"46aa72b\" data-element_type=\"widget\" data-e-type=\"widget\" data-widget_type=\"button.default\">\n\t\t\t\t<div class=\"elementor-widget-container\">\n\t\t\t\t\t\t\t\t\t<div class=\"elementor-button-wrapper\">\n\t\t\t\t\t<a class=\"elementor-button elementor-button-link elementor-size-sm\" href=\"https:\/\/wa.me\/message\/JU5YKLNZXSSBG1\" target=\"_blank\" rel=\"noopener\">\n\t\t\t\t\t\t<span class=\"elementor-button-content-wrapper\">\n\t\t\t\t\t\t\t\t\t<span class=\"elementor-button-text\">Agendar consulta<\/span>\n\t\t\t\t\t<\/span>\n\t\t\t\t\t<\/a>\n\t\t\t\t<\/div>\n\t\t\t\t\t\t\t\t<\/div>\n\t\t\t\t<\/div>\n\t\t\t\t\t<\/div>\n\t\t\t\t<\/div>\n\t\t\t\t<\/div>","protected":false},"excerpt":{"rendered":"<p>Gu\u00edas de est\u00e9tica en Marietta para entender relleno de labios, depilaci\u00f3n l\u00e1ser, inyectables, salud de la piel y planificaci\u00f3n de tratamientos.<\/p>","protected":false},"author":4,"featured_media":1679,"parent":0,"menu_order":0,"comment_status":"closed","ping_status":"closed","template":"","meta":{"footnotes":""},"class_list":["post-1824","page","type-page","status-publish","has-post-thumbnail","hentry"],"_hostinger_reach_plugin_has_subscription_block":false,"_hostinger_reach_plugin_is_elementor":false,"acf":[],"_links":{"self":[{"href":"https:\/\/ktbrazilianaesthetic.com\/es\/wp-json\/wp\/v2\/pages\/1824","targetHints":{"allow":["GET"]}}],"collection":[{"href":"https:\/\/ktbrazilianaesthetic.com\/es\/wp-json\/wp\/v2\/pages"}],"about":[{"href":"https:\/\/ktbrazilianaesthetic.com\/es\/wp-json\/wp\/v2\/types\/page"}],"author":[{"embeddable":true,"href":"https:\/\/ktbrazilianaesthetic.com\/es\/wp-json\/wp\/v2\/users\/4"}],"replies":[{"embeddable":true,"href":"https:\/\/ktbrazilianaesthetic.com\/es\/wp-json\/wp\/v2\/comments?post=1824"}],"version-history":[{"count":6,"href":"https:\/\/ktbrazilianaesthetic.com\/es\/wp-json\/wp\/v2\/pages\/1824\/revisions"}],"predecessor-version":[{"id":1834,"href":"https:\/\/ktbrazilianaesthetic.com\/es\/wp-json\/wp\/v2\/pages\/1824\/revisions\/1834"}],"wp:featuredmedia":[{"embeddable":true,"href":"https:\/\/ktbrazilianaesthetic.com\/es\/wp-json\/wp\/v2\/media\/1679"}],"wp:attachment":[{"href":"https:\/\/ktbrazilianaesthetic.com\/es\/wp-json\/wp\/v2\/media?parent=1824"}],"curies":[{"name":"wp","href":"https:\/\/api.w.org\/{rel}","templated":true}]}}